{"id":59,"date":"2024-09-27T14:48:03","date_gmt":"2024-09-27T12:48:03","guid":{"rendered":"https:\/\/multylinguas.com\/?page_id=59"},"modified":"2024-11-06T13:49:04","modified_gmt":"2024-11-06T12:49:04","slug":"el-imperativo-en-espanol","status":"publish","type":"page","link":"https:\/\/multylinguas.com\/index.php\/el-imperativo-en-espanol\/","title":{"rendered":"el-imperativo-en-espanol"},"content":{"rendered":"\t\t<div data-elementor-type=\"wp-page\" data-elementor-id=\"59\" class=\"elementor elementor-59\" data-elementor-post-type=\"page\">\n\t\t\t\t\t\t<section class=\"elementor-section elementor-top-section elementor-element elementor-element-3841d89 elementor-section-content-middle elementor-section-height-full elementor-section-boxed elementor-section-height-default elementor-section-items-middle\" data-id=\"3841d89\" data-element_type=\"section\" data-settings=\"{&quot;background_background&quot;:&quot;classic&quot;}\">\n\t\t\t\t\t\t\t<div class=\"elementor-background-overlay\"><\/div>\n\t\t\t\t\t\t\t<div class=\"elementor-container elementor-column-gap-no\">\n\t\t\t\t\t<div class=\"elementor-column elementor-col-100 elementor-top-column elementor-element elementor-element-2d9b964\" data-id=\"2d9b964\" data-element_type=\"column\">\n\t\t\t<div class=\"elementor-widget-wrap elementor-element-populated\">\n\t\t\t\t\t\t<div class=\"elementor-element elementor-element-50fdec8 elementor-widget-divider--view-line elementor-invisible elementor-widget elementor-widget-divider\" data-id=\"50fdec8\" data-element_type=\"widget\" data-settings=\"{&quot;_animation&quot;:&quot;fadeInUp&quot;}\" data-widget_type=\"divider.default\">\n\t\t\t\t<div class=\"elementor-widget-container\">\n\t\t\t\t\t\t\t<div class=\"elementor-divider\">\n\t\t\t<span class=\"elementor-divider-separator\">\n\t\t\t\t\t\t<\/span>\n\t\t<\/div>\n\t\t\t\t\t\t<\/div>\n\t\t\t\t<\/div>\n\t\t\t\t<div class=\"elementor-element elementor-element-5774145 elementor-invisible elementor-widget elementor-widget-heading\" data-id=\"5774145\" data-element_type=\"widget\" data-settings=\"{&quot;_animation&quot;:&quot;fadeIn&quot;}\" data-widget_type=\"heading.default\">\n\t\t\t\t<div class=\"elementor-widget-container\">\n\t\t\t\t\t<h1 class=\"elementor-heading-title elementor-size-xxl\">DESIDERATA: IMPERATIVO<\/h1>\t\t\t\t<\/div>\n\t\t\t\t<\/div>\n\t\t\t\t<div class=\"elementor-element elementor-element-ea19dfa elementor-widget elementor-widget-spacer\" data-id=\"ea19dfa\" data-element_type=\"widget\" data-widget_type=\"spacer.default\">\n\t\t\t\t<div class=\"elementor-widget-container\">\n\t\t\t\t\t\t\t<div class=\"elementor-spacer\">\n\t\t\t<div class=\"elementor-spacer-inner\"><\/div>\n\t\t<\/div>\n\t\t\t\t\t\t<\/div>\n\t\t\t\t<\/div>\n\t\t\t\t\t<\/div>\n\t\t<\/div>\n\t\t\t\t\t<\/div>\n\t\t<\/section>\n\t\t\t\t<section class=\"elementor-section elementor-top-section elementor-element elementor-element-65c3640 elementor-section-boxed elementor-section-height-default elementor-section-height-default\" data-id=\"65c3640\" data-element_type=\"section\">\n\t\t\t\t\t\t<div class=\"elementor-container elementor-column-gap-default\">\n\t\t\t\t\t<div class=\"elementor-column elementor-col-100 elementor-top-column elementor-element elementor-element-2ed4ecb\" data-id=\"2ed4ecb\" data-element_type=\"column\">\n\t\t\t<div class=\"elementor-widget-wrap elementor-element-populated\">\n\t\t\t\t\t\t<div class=\"elementor-element elementor-element-3c5879c elementor-widget elementor-widget-heading\" data-id=\"3c5879c\" data-element_type=\"widget\" data-widget_type=\"heading.default\">\n\t\t\t\t<div class=\"elementor-widget-container\">\n\t\t\t\t\t<h2 class=\"elementor-heading-title elementor-size-default\">El Imperativo en Espa\u00f1ol: Gu\u00eda Completa para Dominar \u00d3rdenes y Peticiones<\/h2>\t\t\t\t<\/div>\n\t\t\t\t<\/div>\n\t\t\t\t\t<\/div>\n\t\t<\/div>\n\t\t\t\t\t<\/div>\n\t\t<\/section>\n\t\t\t\t<section class=\"elementor-section elementor-top-section elementor-element elementor-element-7c8cd08 elementor-section-boxed elementor-section-height-default elementor-section-height-default\" data-id=\"7c8cd08\" data-element_type=\"section\">\n\t\t\t\t\t\t<div class=\"elementor-container elementor-column-gap-default\">\n\t\t\t\t\t<div class=\"elementor-column elementor-col-100 elementor-top-column elementor-element elementor-element-9e5625b\" data-id=\"9e5625b\" data-element_type=\"column\">\n\t\t\t<div class=\"elementor-widget-wrap elementor-element-populated\">\n\t\t\t\t\t\t<div class=\"elementor-element elementor-element-d8d480c elementor-widget__width-initial elementor-widget elementor-widget-text-editor\" data-id=\"d8d480c\" data-element_type=\"widget\" data-widget_type=\"text-editor.default\">\n\t\t\t\t<div class=\"elementor-widget-container\">\n\t\t\t\t\t\t\t\t\t<h4><strong>Introducci\u00f3n<\/strong><\/h4><p>El imperativo es un modo verbal utilizado para dar \u00f3rdenes, hacer peticiones o dar consejos. En espa\u00f1ol, tiene formas diferentes para \u00abt\u00fa\u00bb, \u00abusted\u00bb, \u00abnosotros\u00bb, \u00abvosotros\u00bb y \u00abustedes\u00bb.<\/p><h4><strong>Usos principales del imperativo<\/strong><\/h4><ol><li><strong>Dar \u00f3rdenes o instrucciones:<\/strong><ul><li>\u00abCierra la puerta.\u00bb<\/li><li>\u00abApaga la luz antes de salir.\u00bb<\/li><\/ul><\/li><li><strong>Hacer peticiones:<\/strong><ul><li>\u00abPor favor, p\u00e1same la sal.\u00bb<\/li><li>\u00abAy\u00fadame con esto, \u00bfpuedes?\u00bb<\/li><\/ul><\/li><li><strong>Dar consejos o recomendaciones:<\/strong><ul><li>\u00abCome m\u00e1s frutas y verduras.\u00bb<\/li><li>\u00abDescansa un poco, te har\u00e1 bien.\u00bb<\/li><\/ul><\/li><li><strong>Dar indicaciones o direcciones:<\/strong><ul><li>\u00abGira a la derecha en la pr\u00f3xima esquina.\u00bb<\/li><li>\u00abSigue todo recto hasta el sem\u00e1foro.\u00bb<\/li><\/ul><\/li><li><strong>Expresar deseos o buenos deseos:<\/strong><ul><li>\u00abQue tengas un buen d\u00eda.\u00bb<\/li><li>\u00abP\u00e1salo bien en tu viaje.\u00bb<\/li><\/ul><\/li><li><strong>En expresiones de cortes\u00eda:<\/strong><ul><li>\u00abDisculpe, \u00bfpodr\u00eda decirme la hora?\u00bb<\/li><li>\u00abPerdone la molestia.\u00bb<\/li><\/ul><\/li><li><strong>En publicidad o esl\u00f3ganes:<\/strong><ul><li>\u00abPrueba nuestro nuevo sabor.\u00bb<\/li><li>\u00abDescubre un mundo de posibilidades.\u00bb<\/li><\/ul><\/li><\/ol><h4><strong>Conjugaci\u00f3n de Verbos Regulares<\/strong><\/h4><p><strong>Verbos -ar<\/strong><\/p><p>&#8211; T\u00fa: quita la \u00abs\u00bb del presente (habla<strong>s<\/strong> \u2192 habla)<\/p><p>&#8211; Usted: igual que el presente de subjuntivo (hable)<\/p><p>-Nosotros: igual que el presente de subjuntivo (hablemos)<\/p><p>&#8211; Vosotros: cambiad la \u00abr\u00bb del infinitivo por \u00abd\u00bb (habla<strong>r<\/strong> \u2192 habla<strong>d<\/strong>)<\/p><p>&#8211; Ustedes: igual que el presente de subjuntivo (hablen)<\/p><p><strong>Verbos -er e -ir<\/strong><\/p><p>&#8211; T\u00fa: quita la \u00abs\u00bb del presente (come<strong>s<\/strong> \u2192 come, vive<strong>s<\/strong> \u2192 vive)<\/p><p>&#8211; Usted: igual que el presente de subjuntivo (coma, viva)<\/p><p>-Nosotros: igual que el presente de subjuntivo (comamos, vivamos)<\/p><p>&#8211; Vosotros: quitad la \u00abr\u00bb del infinitivo (come<strong>r<\/strong> \u2192 come<strong>d<\/strong>, vivir \u2192 vivid)<\/p><p>&#8211; Ustedes: igual que el presente de subjuntivo (coman, vivan)<\/p><h4><strong>Conjugaci\u00f3n de Verbos Irregulares<\/strong><\/h4><p>Los verbos irregulares en el imperativo no siguen las reglas generales de conjugaci\u00f3n.<br \/>Las irregularidades solo aplican para el pronombre <strong>T\u00da <\/strong>los dem\u00e1s pronombres cumplen con las normas de conjugaci\u00f3n anteriormente vistas.<\/p><p>Algunos verbos comunes irregulares en imperativo:<\/p><table width=\"485\"><tbody><tr><td style=\"text-align: center;\" width=\"80\"><strong>Verbo<\/strong><\/td><td style=\"text-align: center;\" width=\"105\"><strong>Conjugaci\u00f3n<\/strong><\/td><td style=\"text-align: center;\" width=\"300\"><strong>Ejemplo<\/strong><\/td><\/tr><tr><td style=\"text-align: center;\">Ser:<\/td><td style=\"text-align: center;\">S\u00e9\u00a0<\/td><td style=\"text-align: center;\">Ejemplo: \u00abS\u00e9 amable con todos\u00bb (T\u00fa)<\/td><\/tr><tr><td style=\"text-align: center;\">Ir:<\/td><td style=\"text-align: center;\">Ve<\/td><td style=\"text-align: center;\">Ejemplo: \u00abVe al supermercado\u00bb (T\u00fa)<\/td><\/tr><tr><td style=\"text-align: center;\">Hacer:<\/td><td style=\"text-align: center;\">Haz<\/td><td style=\"text-align: center;\">Ejemplo: \u00abHaz tu tarea ahora\u00bb (T\u00fa)<\/td><\/tr><tr><td style=\"text-align: center;\">Tener:<\/td><td style=\"text-align: center;\">Ten<\/td><td style=\"text-align: center;\">Ejemplo: \u00abTen paciencia\u00bb (T\u00fa)<\/td><\/tr><tr><td style=\"text-align: center;\">Venir:<\/td><td style=\"text-align: center;\">Ven<\/td><td style=\"text-align: center;\">Ejemplo: \u00abVen aqu\u00ed ahora mismo\u00bb (T\u00fa)<\/td><\/tr><tr><td style=\"text-align: center;\">Salir:<\/td><td style=\"text-align: center;\">Sal<\/td><td style=\"text-align: center;\">Ejemplo: \u00abSal de aqu\u00ed\u00bb (T\u00fa)<\/td><\/tr><tr><td style=\"text-align: center;\">Decir:<\/td><td style=\"text-align: center;\">Di<\/td><td style=\"text-align: center;\">Ejemplo: \u00abDi la verdad\u00bb (T\u00fa)<\/td><\/tr><tr><td style=\"text-align: center;\">Poner:<\/td><td style=\"text-align: center;\">Pon<\/td><td style=\"text-align: center;\">Ejemplo: \u00abPon la mesa\u00bb (T\u00fa)<\/td><\/tr><\/tbody><\/table><h4>\u00a0<\/h4><h4><strong>Uso de Pronombres de Objeto Directo e Indirecto en el Imperativo<\/strong><\/h4><p>En el imperativo afirmativo, los pronombres de objeto directo e indirecto se colocan despu\u00e9s del verbo y se escriben como una sola palabra. Esto cambia el acento del verbo en algunos casos.<\/p><p>Pronombres de objeto directo: me, te, lo, la, nos, os, los, las<\/p><p>Pronombres de objeto indirecto: me, te, le, nos, os, les<\/p><p>Cuando se usan ambos pronombres (directo e indirecto), el orden es: verbo + pronombre indirecto + pronombre directo.<\/p><p>Ejemplos:<\/p><ol><li>Dame el libro. (Dar + me)<\/li><li>C\u00f3metelo. (Come + te + lo)<\/li><li>Expl\u00edquenme el problema. (Expliquen + me)<\/li><li>P\u00f3ntelo. (Pon + te + lo)<\/li><li>D\u00e1melo. (Da + me + lo)<\/li><\/ol><p>En el caso de \u00able\u00bb y \u00ables\u00bb, se transforman en \u00abse\u00bb respectivamente cuando van seguidos de \u00ablo\u00bb, \u00abla\u00bb, \u00ablos\u00bb o \u00ablas\u00bb, (por ejemplo, \u201cle lo\u201d se convierte en \u201cse lo\u201d)<\/p><p><strong>Ejemplo<\/strong>: Demos el carro a Patricia = D\u00e9mosle el carro = D\u00e9moselo.<\/p><h4><strong>Imperativo de vosotros con el reflexivo OS o el pronombre de objeto directo OS<\/strong><\/h4><p>Cuando usamos el imperativo afirmativo con \u201cvosotros\u201d y el pronombre \u201cos\u201d, la -d final del verbo desaparece. Aqu\u00ed tienes algunos ejemplos:<\/p><p>Verbo: Levantar (vosotros)<\/p><p>Imperativo afirmativo: Levantad<\/p><p>Con pronombre reflexivo: Levantaos (en lugar de \u201clevantados\u201d)<\/p><p>Verbo: Sentar (vosotros)<\/p><p>Imperativo afirmativo: Sentad<\/p><p>Con pronombre reflexivo: Sentaos (en lugar de \u201csentados\u201d)<\/p><p>Verbo: Dar (vosotros)<\/p><p>Imperativo afirmativo: Dad<\/p><p>Con pronombre de objeto indirecto: Daos (por ejemplo, \u201cdaos prisa\u201d)<\/p><p>Verbo: Decir (vosotros)<\/p><p>Imperativo afirmativo: Decid<\/p><p>Con pronombre de objeto indirecto: Dec\u00edos (por ejemplo, \u201cdec\u00edos la verdad\u201d)<\/p><h4><strong>Imperativo Negativo<\/strong><\/h4><p>El imperativo negativo se forma de manera diferente al imperativo afirmativo. Se utiliza la palabra \u00abno\u00bb antes del verbo, y la conjugaci\u00f3n cambia al presente del subjuntivo.<\/p><table width=\"633\"><tbody><tr><td width=\"77\"><p><strong>Verbo<\/strong><\/p><\/td><td width=\"140\"><p><strong>T\u00fa<\/strong><\/p><\/td><td width=\"85\"><p><strong>Usted<\/strong><\/p><\/td><td width=\"104\"><p><strong>Nosotros<\/strong><\/p><\/td><td width=\"104\"><p><strong>Vosotros<\/strong><\/p><\/td><td width=\"123\"><p><strong>Ustedes<\/strong><\/p><\/td><\/tr><tr><td width=\"77\"><p>Hacer<\/p><\/td><td width=\"140\"><p>No hagas<\/p><\/td><td width=\"85\"><p>No haga<\/p><\/td><td width=\"104\"><p>No hagamos<\/p><\/td><td width=\"104\"><p>No hag\u00e1is<\/p><\/td><td width=\"123\"><p>No hagan<\/p><\/td><\/tr><tr><td width=\"77\"><p>Amar<\/p><\/td><td width=\"140\"><p>No ames<\/p><\/td><td width=\"85\"><p>No ame<\/p><\/td><td width=\"104\"><p>No amemos<\/p><\/td><td width=\"104\"><p>No am\u00e9is<\/p><\/td><td width=\"123\"><p>No amen<\/p><\/td><\/tr><tr><td width=\"77\"><p>Comer<\/p><\/td><td width=\"140\"><p>No comas<\/p><\/td><td width=\"85\"><p>No coma<\/p><\/td><td width=\"104\"><p>No comamos<\/p><\/td><td width=\"104\"><p>No com\u00e1is<\/p><\/td><td width=\"123\"><p>No coman<\/p><\/td><\/tr><tr><td width=\"77\"><p>Vivir<\/p><\/td><td width=\"140\"><p>No vivas<\/p><\/td><td width=\"85\"><p>No viva<\/p><\/td><td width=\"104\"><p>No vivamos<\/p><\/td><td width=\"104\"><p>No viv\u00e1is<\/p><\/td><td width=\"123\"><p>No vivan<\/p><\/td><\/tr><tr><td width=\"77\"><p>Ser<\/p><\/td><td width=\"140\"><p>No seas<\/p><\/td><td width=\"85\"><p>No sea<\/p><\/td><td width=\"104\"><p>No seamos<\/p><\/td><td width=\"104\"><p>No se\u00e1is<\/p><\/td><td width=\"123\"><p>No sean<\/p><\/td><\/tr><\/tbody><\/table><h4><strong>Ejemplos de imperativo negativo:<\/strong><\/h4><p>&#8211; No comas tanto chocolate. (t\u00fa)<\/p><p>&#8211; No hable tan alto, por favor. (usted)<\/p><p>&#8211; No hagamos planes todav\u00eda.<\/p><p>&#8211; No salg\u00e1is esta noche. (vosotros)<\/p><p>&#8211; No vengan tarde a la reuni\u00f3n. (ustedes)<\/p><p>En el imperativo negativo, los pronombres de objeto directo e indirecto se colocan antes del verbo:<\/p><p>&#8211; No me lo digas. (t\u00fa)<\/p><p>&#8211; No se lo d\u00e9. (usted)<\/p><p>&#8211; No nos lo expliqu\u00e9is. (vosotros)<\/p><p>&#8211; No se lo lleven. (ustedes)<\/p><p>Recuerda que en el imperativo negativo, la colocaci\u00f3n de los pronombres siempre es antes del verbo, a diferencia del imperativo afirmativo donde van despu\u00e9s.\u00a0<\/p>\t\t\t\t\t\t\t\t<\/div>\n\t\t\t\t<\/div>\n\t\t\t\t\t<\/div>\n\t\t<\/div>\n\t\t\t\t\t<\/div>\n\t\t<\/section>\n\t\t\t\t<\/div>\n\t\t","protected":false},"excerpt":{"rendered":"<p>DESIDERATA: IMPERATIVO El Imperativo en Espa\u00f1ol: Gu\u00eda Completa para Dominar \u00d3rdenes y Peticiones Introducci\u00f3n El imperativo es un modo verbal utilizado para dar \u00f3rdenes, hacer peticiones o dar consejos. En espa\u00f1ol, tiene formas diferentes para \u00abt\u00fa\u00bb, \u00abusted\u00bb, \u00abnosotros\u00bb, \u00abvosotros\u00bb y \u00abustedes\u00bb. Usos principales del imperativo Dar \u00f3rdenes o instrucciones: \u00abCierra la puerta.\u00bb \u00abApaga la luz [&hellip;]<\/p>\n","protected":false},"author":1,"featured_media":0,"parent":0,"menu_order":0,"comment_status":"closed","ping_status":"closed","template":"","meta":{"_seopress_robots_primary_cat":"","_seopress_titles_title":"El Imperativo en Espa\u00f1ol: Gu\u00eda Completa para Dominar \u00d3rdenes y Peticiones","_seopress_titles_desc":"Aprende a usar el imperativo en espa\u00f1ol con nuestra gu\u00eda completa. Incluye conjugaciones, verbos irregulares, usos comunes y ejemplos pr\u00e1cticos.","_seopress_robots_index":"","footnotes":""},"class_list":["post-59","page","type-page","status-publish","hentry"],"_links":{"self":[{"href":"https:\/\/multylinguas.com\/index.php\/wp-json\/wp\/v2\/pages\/59","targetHints":{"allow":["GET"]}}],"collection":[{"href":"https:\/\/multylinguas.com\/index.php\/wp-json\/wp\/v2\/pages"}],"about":[{"href":"https:\/\/multylinguas.com\/index.php\/wp-json\/wp\/v2\/types\/page"}],"author":[{"embeddable":true,"href":"https:\/\/multylinguas.com\/index.php\/wp-json\/wp\/v2\/users\/1"}],"replies":[{"embeddable":true,"href":"https:\/\/multylinguas.com\/index.php\/wp-json\/wp\/v2\/comments?post=59"}],"version-history":[{"count":21,"href":"https:\/\/multylinguas.com\/index.php\/wp-json\/wp\/v2\/pages\/59\/revisions"}],"predecessor-version":[{"id":131,"href":"https:\/\/multylinguas.com\/index.php\/wp-json\/wp\/v2\/pages\/59\/revisions\/131"}],"wp:attachment":[{"href":"https:\/\/multylinguas.com\/index.php\/wp-json\/wp\/v2\/media?parent=59"}],"curies":[{"name":"wp","href":"https:\/\/api.w.org\/{rel}","templated":true}]}}