{"id":314,"date":"2024-12-03T14:57:36","date_gmt":"2024-12-03T13:57:36","guid":{"rendered":"https:\/\/multylinguas.com\/?page_id=314"},"modified":"2024-12-04T01:30:25","modified_gmt":"2024-12-04T00:30:25","slug":"la-importancia-de-la-tecnologia-en-las-empresas","status":"publish","type":"page","link":"https:\/\/multylinguas.com\/index.php\/la-importancia-de-la-tecnologia-en-las-empresas\/","title":{"rendered":""},"content":{"rendered":"\t\t<div data-elementor-type=\"wp-page\" data-elementor-id=\"314\" class=\"elementor elementor-314\" data-elementor-post-type=\"page\">\n\t\t\t\t\t\t<section class=\"elementor-section elementor-top-section elementor-element elementor-element-54b0b407 elementor-section-boxed elementor-section-height-default elementor-section-height-default\" data-id=\"54b0b407\" data-element_type=\"section\" data-settings=\"{&quot;background_background&quot;:&quot;classic&quot;}\">\n\t\t\t\t\t\t<div class=\"elementor-container elementor-column-gap-default\">\n\t\t\t\t\t<div class=\"elementor-column elementor-col-33 elementor-top-column elementor-element elementor-element-2fc84ef\" data-id=\"2fc84ef\" data-element_type=\"column\">\n\t\t\t<div class=\"elementor-widget-wrap elementor-element-populated\">\n\t\t\t\t\t\t<div class=\"elementor-element elementor-element-603108c2 elementor-widget elementor-widget-theme-site-logo elementor-widget-image\" data-id=\"603108c2\" data-element_type=\"widget\" data-widget_type=\"theme-site-logo.default\">\n\t\t\t\t<div class=\"elementor-widget-container\">\n\t\t\t\t\t\t\t\t\t\t\t<a href=\"https:\/\/multylinguas.com\">\n\t\t\t<img fetchpriority=\"high\" decoding=\"async\" width=\"1144\" height=\"742\" src=\"https:\/\/multylinguas.com\/wp-content\/uploads\/2024\/09\/cropped-cropped-logomuntylinguasbordenegro.png\" class=\"attachment-full size-full wp-image-101\" alt=\"\" srcset=\"https:\/\/multylinguas.com\/wp-content\/uploads\/2024\/09\/cropped-cropped-logomuntylinguasbordenegro.png 1144w, https:\/\/multylinguas.com\/wp-content\/uploads\/2024\/09\/cropped-cropped-logomuntylinguasbordenegro-300x195.png 300w, https:\/\/multylinguas.com\/wp-content\/uploads\/2024\/09\/cropped-cropped-logomuntylinguasbordenegro-1024x664.png 1024w, https:\/\/multylinguas.com\/wp-content\/uploads\/2024\/09\/cropped-cropped-logomuntylinguasbordenegro-768x498.png 768w\" sizes=\"(max-width: 1144px) 100vw, 1144px\" \/>\t\t\t\t<\/a>\n\t\t\t\t\t\t\t\t\t\t\t<\/div>\n\t\t\t\t<\/div>\n\t\t\t\t\t<\/div>\n\t\t<\/div>\n\t\t\t\t<div class=\"elementor-column elementor-col-33 elementor-top-column elementor-element elementor-element-2afbd245\" data-id=\"2afbd245\" data-element_type=\"column\">\n\t\t\t<div class=\"elementor-widget-wrap elementor-element-populated\">\n\t\t\t\t\t\t\t<\/div>\n\t\t<\/div>\n\t\t\t\t<div class=\"elementor-column elementor-col-33 elementor-top-column elementor-element elementor-element-35737a14 elementor-hidden-desktop elementor-hidden-tablet elementor-hidden-mobile\" data-id=\"35737a14\" data-element_type=\"column\">\n\t\t\t<div class=\"elementor-widget-wrap elementor-element-populated\">\n\t\t\t\t\t\t<div class=\"elementor-element elementor-element-4e25aabc elementor-shape-rounded elementor-grid-0 e-grid-align-center elementor-widget elementor-widget-social-icons\" data-id=\"4e25aabc\" data-element_type=\"widget\" data-widget_type=\"social-icons.default\">\n\t\t\t\t<div class=\"elementor-widget-container\">\n\t\t\t\t\t\t\t<div class=\"elementor-social-icons-wrapper elementor-grid\" role=\"list\">\n\t\t\t\t\t\t\t<span class=\"elementor-grid-item\" role=\"listitem\">\n\t\t\t\t\t<a class=\"elementor-icon elementor-social-icon elementor-social-icon-facebook elementor-repeater-item-b579d37\" target=\"_blank\">\n\t\t\t\t\t\t<span class=\"elementor-screen-only\">Facebook<\/span>\n\t\t\t\t\t\t<i class=\"fab fa-facebook\"><\/i>\t\t\t\t\t<\/a>\n\t\t\t\t<\/span>\n\t\t\t\t\t\t\t<span class=\"elementor-grid-item\" role=\"listitem\">\n\t\t\t\t\t<a class=\"elementor-icon elementor-social-icon elementor-social-icon-twitter elementor-repeater-item-4f9c6c1\" target=\"_blank\">\n\t\t\t\t\t\t<span class=\"elementor-screen-only\">Twitter<\/span>\n\t\t\t\t\t\t<i class=\"fab fa-twitter\"><\/i>\t\t\t\t\t<\/a>\n\t\t\t\t<\/span>\n\t\t\t\t\t\t\t<span class=\"elementor-grid-item\" role=\"listitem\">\n\t\t\t\t\t<a class=\"elementor-icon elementor-social-icon elementor-social-icon-youtube elementor-repeater-item-aeb87ea\" target=\"_blank\">\n\t\t\t\t\t\t<span class=\"elementor-screen-only\">Youtube<\/span>\n\t\t\t\t\t\t<i class=\"fab fa-youtube\"><\/i>\t\t\t\t\t<\/a>\n\t\t\t\t<\/span>\n\t\t\t\t\t<\/div>\n\t\t\t\t\t\t<\/div>\n\t\t\t\t<\/div>\n\t\t\t\t\t<\/div>\n\t\t<\/div>\n\t\t\t\t\t<\/div>\n\t\t<\/section>\n\t\t\t\t<section class=\"elementor-section elementor-top-section elementor-element elementor-element-62af1035 elementor-section-height-min-height elementor-section-boxed elementor-section-height-default elementor-section-items-middle\" data-id=\"62af1035\" data-element_type=\"section\" data-settings=\"{&quot;background_background&quot;:&quot;classic&quot;}\">\n\t\t\t\t\t\t\t<div class=\"elementor-background-overlay\"><\/div>\n\t\t\t\t\t\t\t<div class=\"elementor-container elementor-column-gap-default\">\n\t\t\t\t\t<div class=\"elementor-column elementor-col-100 elementor-top-column elementor-element elementor-element-2ffd045c\" data-id=\"2ffd045c\" data-element_type=\"column\">\n\t\t\t<div class=\"elementor-widget-wrap elementor-element-populated\">\n\t\t\t\t\t\t<div class=\"elementor-element elementor-element-5de93bb4 animated-fast elementor-invisible elementor-widget elementor-widget-heading\" data-id=\"5de93bb4\" data-element_type=\"widget\" data-settings=\"{&quot;_animation&quot;:&quot;fadeInUp&quot;,&quot;_animation_delay&quot;:500}\" data-widget_type=\"heading.default\">\n\t\t\t\t<div class=\"elementor-widget-container\">\n\t\t\t\t\t<h2 class=\"elementor-heading-title elementor-size-default\">La Importancia de la Tecnolog\u00eda en las Empresas<\/h2>\t\t\t\t<\/div>\n\t\t\t\t<\/div>\n\t\t\t\t\t<\/div>\n\t\t<\/div>\n\t\t\t\t\t<\/div>\n\t\t<\/section>\n\t\t\t\t<section class=\"elementor-section elementor-top-section elementor-element elementor-element-daa2077 elementor-section-boxed elementor-section-height-default elementor-section-height-default\" data-id=\"daa2077\" data-element_type=\"section\">\n\t\t\t\t\t\t<div class=\"elementor-container elementor-column-gap-default\">\n\t\t\t\t\t<div class=\"elementor-column elementor-col-100 elementor-top-column elementor-element elementor-element-f8854b5\" data-id=\"f8854b5\" data-element_type=\"column\">\n\t\t\t<div class=\"elementor-widget-wrap elementor-element-populated\">\n\t\t\t\t\t\t\t<\/div>\n\t\t<\/div>\n\t\t\t\t\t<\/div>\n\t\t<\/section>\n\t\t\t\t<\/div>\n\t\t","protected":false},"excerpt":{"rendered":"<p>Facebook Twitter Youtube La Importancia de la Tecnolog\u00eda en las Empresas<\/p>\n","protected":false},"author":1,"featured_media":0,"parent":0,"menu_order":0,"comment_status":"closed","ping_status":"closed","template":"","meta":{"_seopress_robots_primary_cat":"","_seopress_titles_title":"La Importancia de la Tecnolog\u00eda en las Empresas","_seopress_titles_desc":"Aprende espa\u00f1ol con un art\u00edculo interactivo sobre tecnolog\u00eda empresarial. Domina los pronombres de objeto directo e indirecto mientras explores c\u00f3mo las herramientas tecnol\u00f3gicas transforman las organizaciones modernas.","_seopress_robots_index":"","footnotes":""},"class_list":["post-314","page","type-page","status-publish","hentry"],"_links":{"self":[{"href":"https:\/\/multylinguas.com\/index.php\/wp-json\/wp\/v2\/pages\/314","targetHints":{"allow":["GET"]}}],"collection":[{"href":"https:\/\/multylinguas.com\/index.php\/wp-json\/wp\/v2\/pages"}],"about":[{"href":"https:\/\/multylinguas.com\/index.php\/wp-json\/wp\/v2\/types\/page"}],"author":[{"embeddable":true,"href":"https:\/\/multylinguas.com\/index.php\/wp-json\/wp\/v2\/users\/1"}],"replies":[{"embeddable":true,"href":"https:\/\/multylinguas.com\/index.php\/wp-json\/wp\/v2\/comments?post=314"}],"version-history":[{"count":28,"href":"https:\/\/multylinguas.com\/index.php\/wp-json\/wp\/v2\/pages\/314\/revisions"}],"predecessor-version":[{"id":363,"href":"https:\/\/multylinguas.com\/index.php\/wp-json\/wp\/v2\/pages\/314\/revisions\/363"}],"wp:attachment":[{"href":"https:\/\/multylinguas.com\/index.php\/wp-json\/wp\/v2\/media?parent=314"}],"curies":[{"name":"wp","href":"https:\/\/api.w.org\/{rel}","templated":true}]}}